{"id":14,"date":"2011-07-14T19:47:05","date_gmt":"2011-07-14T19:47:05","guid":{"rendered":"http:\/\/dourocom.pt\/pt\/contacts\/"},"modified":"2016-09-29T14:13:40","modified_gmt":"2016-09-29T14:13:40","slug":"contactos","status":"publish","type":"page","link":"https:\/\/dourocom.pt\/pt\/contactos\/","title":{"rendered":"Contactos"},"content":{"rendered":"<div class=\"row \">\n<div class=\"span12 \"><div class=\"google-map-api google-map-custom-class\"><div id=\"map-canvas-999019740\" class=\"gmap\"><\/div><\/div><script type=\"text\/javascript\">\r\n\t\t\t\tgoogle_api_map_init_999019740();\r\n\t\t\t\tfunction google_api_map_init_999019740(){\r\n\t\t\t\t\tvar map;\r\n\t\t\t\t\tvar coordData = new google.maps.LatLng(parseFloat(41.099825), parseFloat(-7.815656));\r\n\t\t\t\t\tvar marker;\r\n\t\t\t\t\tvar isDraggable = jQuery(document).width() > 768 ? true : false;\r\n\r\n\t\t\t\t\tfunction initialize() {\r\n\t\t\t\t\t\tvar mapOptions = {\r\n\t\t\t\t\t\t\tzoom: 14,\r\n\t\t\t\t\t\t\tcenter: coordData,\r\n\t\t\t\t\t\t\tdraggable: isDraggable,\r\n\t\t\t\t\t\t\tscrollwheel: false\r\n\t\t\t\t\t\t}\r\n\t\t\t\t\t\tvar map = new google.maps.Map(document.getElementById(\"map-canvas-999019740\"), mapOptions);\r\n\t\t\t\t\t\tmarker = new google.maps.Marker({\r\n\t\t\t\t\t\t\tmap: map,\r\n\t\t\t\t\t\t\tdraggable: false,\r\n\t\t\t\t\t\t\tposition: coordData\r\n\t\t\t\t\t\t});\r\n\t\t\t\t\t}\r\n\t\t\t\t\tgoogle.maps.event.addDomListener(window, \"load\", initialize);\r\n\t\t\t\t}\r\n\r\n\t\t<\/script>\n<div class=\"spacer\"><\/div><!-- .spacer (end) --><\/div>\n<div class=\"span4 \"><h2>Contactos<\/h2>\n<h5>PODER\u00c1 CONTACTAR-NOS VIA EMAIL, TELEFONE OU ATRAV\u00c9S DO NOSSO FORMUL\u00c1RIO DE CONTACTO.<\/h5>\n<p>O pedido de contacto atrav\u00e9s do formul\u00e1rio tem um prazo de resposta de 24h.<br \/>\n<address>\n<strong>DOUROCOM, LDA.<\/strong><\/p>\n<p><strong><br \/>\nSede:<br \/>\nUrb. Qta. do Rabolal, Bloco 3 e 4,<br \/>\n5100-949 Lamego<\/strong><br \/>\nTelefone: 254 611 200<br \/>\nFAX: 254 611 202<br \/>\nE-mail: <a href=\"mailto:geral@dourocom.pt\">geral@dourocom.pt<\/a><br \/>\n<strong><br \/>\nFilial:<br \/>\nQuinta D\u00b4El Rey, Lote 260 LJ C - Ranhados<br \/>\n3500-000 VISEU<\/strong><br \/>\n<\/address><!-- address (end) --><\/div>\n<div class=\"span8 \"><h2>Pedido de Contacto<\/h2>\n<div role=\"form\" class=\"wpcf7\" id=\"wpcf7-f208-o1\" dir=\"ltr\">\n<div class=\"screen-reader-response\"><\/div>\n<form action=\"\/pt\/wp-json\/wp\/v2\/pages\/14#wpcf7-f208-o1\" method=\"post\" class=\"wpcf7-form\" novalidate=\"novalidate\">\n<div style=\"display: none;\">\n<input type=\"hidden\" name=\"_wpcf7\" value=\"208\" \/>\n<input type=\"hidden\" name=\"_wpcf7_version\" value=\"5.1.7\" \/>\n<input type=\"hidden\" name=\"_wpcf7_locale\" value=\"\" \/>\n<input type=\"hidden\" name=\"_wpcf7_unit_tag\" value=\"wpcf7-f208-o1\" \/>\n<input type=\"hidden\" name=\"_wpcf7_container_post\" value=\"0\" \/>\n<\/div>\n<div class=\"row-fluid\">\n<p class=\"span4 field\"><span class=\"wpcf7-form-control-wrap your-name\"><input type=\"text\" name=\"your-name\" value=\"\" size=\"40\" class=\"wpcf7-form-control wpcf7-text wpcf7-validates-as-required\" aria-required=\"true\" aria-invalid=\"false\" placeholder=\"Nome:\" \/><\/span> <\/p>\n<p class=\"span4 field\"><span class=\"wpcf7-form-control-wrap your-email\"><input type=\"email\" name=\"your-email\" value=\"\" size=\"40\" class=\"wpcf7-form-control wpcf7-text wpcf7-email wpcf7-validates-as-required wpcf7-validates-as-email\" aria-required=\"true\" aria-invalid=\"false\" placeholder=\"E-mail:\" \/><\/span> <\/p>\n<p class=\"span4 field\"><span class=\"wpcf7-form-control-wrap your-phone\"><input type=\"text\" name=\"your-phone\" value=\"\" size=\"40\" class=\"wpcf7-form-control wpcf7-text\" aria-invalid=\"false\" placeholder=\"Telefone:\" \/><\/span> <\/p>\n<\/div>\n<p class=\"field\"><span class=\"wpcf7-form-control-wrap your-message\"><textarea name=\"your-message\" cols=\"40\" rows=\"10\" class=\"wpcf7-form-control wpcf7-textarea\" aria-invalid=\"false\" placeholder=\"Mensagem:\"><\/textarea><\/span> <\/p>\n<p class=\"submit-wrap\"><input type=\"reset\" value=\"limpar\" class=\"btn btn-primary\" \/><input type=\"submit\" value=\"enviar\" class=\"wpcf7-form-control wpcf7-submit btn btn-primary\" \/><\/p>\n<div class=\"wpcf7-response-output wpcf7-display-none\"><\/div><\/form><\/div><\/div>\n<\/div><!-- .row (end) -->\n","protected":false},"excerpt":{"rendered":"","protected":false},"author":1,"featured_media":0,"parent":0,"menu_order":6,"comment_status":"open","ping_status":"closed","template":"page-fullwidth.php","meta":[],"_links":{"self":[{"href":"https:\/\/dourocom.pt\/pt\/wp-json\/wp\/v2\/pages\/14"}],"collection":[{"href":"https:\/\/dourocom.pt\/pt\/wp-json\/wp\/v2\/pages"}],"about":[{"href":"https:\/\/dourocom.pt\/pt\/wp-json\/wp\/v2\/types\/page"}],"author":[{"embeddable":true,"href":"https:\/\/dourocom.pt\/pt\/wp-json\/wp\/v2\/users\/1"}],"replies":[{"embeddable":true,"href":"https:\/\/dourocom.pt\/pt\/wp-json\/wp\/v2\/comments?post=14"}],"version-history":[{"count":17,"href":"https:\/\/dourocom.pt\/pt\/wp-json\/wp\/v2\/pages\/14\/revisions"}],"predecessor-version":[{"id":2281,"href":"https:\/\/dourocom.pt\/pt\/wp-json\/wp\/v2\/pages\/14\/revisions\/2281"}],"wp:attachment":[{"href":"https:\/\/dourocom.pt\/pt\/wp-json\/wp\/v2\/media?parent=14"}],"curies":[{"name":"wp","href":"https:\/\/api.w.org\/{rel}","templated":true}]}}