{"id":203,"date":"2011-09-14T09:45:02","date_gmt":"2011-09-14T09:45:02","guid":{"rendered":"http:\/\/dourocom.pt\/pt\/"},"modified":"2020-03-27T14:27:47","modified_gmt":"2020-03-27T14:27:47","slug":"home","status":"publish","type":"page","link":"https:\/\/dourocom.pt\/pt\/","title":{"rendered":"In\u00edcio"},"content":{"rendered":"<div class=\"mp-row-fluid motopress-row mpce-dsbl-margin-left mpce-dsbl-margin-right\">\n<div class=\"motopress-clmn mp-span12  mpce-dsbl-margin-left mpce-dsbl-margin-right\">\n<div class=\"row \"><div class=\"span3 \"><div class=\"service-box serv-1\"><div class=\"service-box_body\"><h2 class=\"title\">APOIO<\/h2><h5 class=\"sub-title\">Suporte T\u00e9cnico<\/h5><div class=\"btn-align\"><a href=\"contacts\/\" title=\"saber mais\" class=\"btn btn-inverse btn-normal btn-primary \" target=\"_self\">saber mais<\/a><\/div><\/div><\/div><!-- \/Service Box --><\/div><div class=\"span3 \"><div class=\"service-box serv-2\"><div class=\"service-box_body\"><h2 class=\"title\">PHC<\/h2><h5 class=\"sub-title\">Software de Gest\u00e3o<\/h5><div class=\"btn-align\"><a href=\"phccs\/\" title=\"saber mais\" class=\"btn btn-inverse btn-normal btn-primary \" target=\"_self\">saber mais<\/a><\/div><\/div><\/div><!-- \/Service Box --><\/div><div class=\"span3 \"><div class=\"service-box serv-3\"><div class=\"service-box_body\"><h2 class=\"title\">MSS<\/h2><h5 class=\"sub-title\">Software M\u00f3vel<\/h5><div class=\"btn-align\"><a href=\"mss\/\" title=\"saber mais\" class=\"btn btn-inverse btn-normal btn-primary \" target=\"_self\">saber mais<\/a><\/div><\/div><\/div><!-- \/Service Box --><\/div><div class=\"span3 \"><div class=\"service-box serv-4\"><div class=\"service-box_body\"><h2 class=\"title\">ETPOS<\/h2><h5 class=\"sub-title\">Software de Fatura\u00e7\u00e3o<\/h5><div class=\"btn-align\"><a href=\"etpos\/\" title=\"saber mais\" class=\"btn btn-inverse btn-normal btn-primary \" target=\"_self\">saber mais<\/a><\/div><\/div><\/div><!-- \/Service Box --><\/div><\/div><!-- .row (end) --><div class=\"content_box box-1 \"><div class=\"row \"><div class=\"span4 \"><h1><span style=\"color: #ffffff;\">Sabemos que n\u00e3o quer correr riscos<\/span><\/h1>\n<h6><a href=\"#\">A Dourocom est\u00e1 dedicada \u00e0 m\u00e1xima satisfa\u00e7\u00e3o de todos os servi\u00e7os que presta<\/a><\/h6>\n<p>Apesar da evolu\u00e7\u00e3o constante nas T\u00e9cnologias de Informa\u00e7\u00e3o, prometemos o melhor Servi\u00e7o e Suporte T\u00e9cnico.<\/p><\/div><div class=\"span4 \"><h6>Software de Assist\u00eancia Remota<\/h6>\n<div class=\"list styled circle-list\">\n<ul>\n<li><a href=\"https:\/\/get.teamviewer.com\/7n26hf5\">Teamviewer<\/a><\/li>\n<li><a href=\"suporte\/AA_v3.5.exe\">Ammy<\/a><\/li>\n<li><a href=\"suporte\/Supremo.exe\">Supremo<\/a><\/li>\n<li><a href=\"#\">Teamviewer Completo<\/a><\/li>\n<li><a href=\"#\">Teamviewer Host<\/a><\/li>\n<\/ul>\n<\/div><a href=\"solicitarsuport\/\" title=\"Solicitar Suporte\" class=\"btn btn-default btn-normal btn-inline \" target=\"_self\">Solicitar Suporte<\/a><!-- .btn --><\/div><div class=\"span4 \"><h6>Os nossos Servi\u00e7os<\/h6>\n<div class=\"list styled circle-list\">\n<ul>\n<li><span style=\"color: #8bd9ff;\">Consultoria<\/span><\/li>\n<li><span style=\"color: #8bd9ff;\">Infraestruturas<\/span><\/li>\n<li><span style=\"color: #8bd9ff;\">Sistemas de Seguran\u00e7a<\/span><\/li>\n<li><span style=\"color: #8bd9ff;\">Repara\u00e7\u00e3o de Computadores<\/span><\/li>\n<li><span style=\"color: #8bd9ff;\">Desenvolvimento Web<\/span><\/li>\n<\/ul>\n<\/div><a href=\"solicitar-servico\/\" title=\"Solicitar Servi\u00e7o\" class=\"btn btn-default btn-normal btn-inline \" target=\"_self\">Solicitar Servi\u00e7o<\/a><!-- .btn --><\/div><\/div><!-- .row (end) --><div class=\"clear\"><\/div><\/div><!-- .content_box (end) --><div class=\"content_box box-2 \"><div class=\"carousel-wrap owl-1\"><h2>\u00daltimas not\u00edcias<\/h2><div id=\"owl-carousel-69ee0ed8228f3\" class=\"owl-carousel-post owl-carousel\" data-items=\"3\" data-auto-play=\"0\" data-nav=\"true\" data-pagination=\"false\"><div class=\"item format-standart item-list-0\"><div class=\"desc\"><time datetime=\"2017-03-20T12:25:50\">20\/ <span>03<\/span><\/time><p class=\"excerpt\"><a href=\"https:\/\/dourocom.pt\/pt\/uncategorized\/sete-novidades-na-entrega-do-irs-deste-ano\/\">Entre abril e maio, os contribuintes ter\u00e3o de entregar a sua declara\u00e7\u00e3o de IRS referente aos rendimentos de 2016. Sabe quais s\u00e3o as novidades? Clique&hellip;<\/a><\/p><\/div><\/div><div class=\"item format-standart item-list-1\"><div class=\"desc\"><time datetime=\"2016-11-21T09:49:45\">21\/ <span>11<\/span><\/time><p class=\"excerpt\"><a href=\"https:\/\/dourocom.pt\/pt\/uncategorized\/facturas-terao-de-ser-enviadas-ao-fisco-ate-dia-20\/\">A vers\u00e3o final do Or\u00e7amento do Estado vai prever redu\u00e7\u00e3o gradual do prazo de comunica\u00e7\u00e3o das facturas ao Fisco pelos comerciantes. O dia oito de&hellip;<\/a><\/p><\/div><\/div><div class=\"item format-standart item-list-2\"><div class=\"desc\"><time datetime=\"2016-10-17T16:40:00\">17\/ <span>10<\/span><\/time><p class=\"excerpt\"><a href=\"https:\/\/dourocom.pt\/pt\/uncategorized\/prazo-para-comunicar-facturas-ao-fisco-encurta-e-muito\/\">As empresas passar\u00e3o a ter de enviar a factura\u00e7\u00e3o mensal \u00e0 Autoridade Tribut\u00e1ria at\u00e9 ao oitavo dia do m\u00eas seguinte. O prazo at\u00e9 aqui era&hellip;<\/a><\/p><\/div><\/div><div class=\"item format-standart item-list-3\"><div class=\"desc\"><time datetime=\"2016-03-15T09:00:56\">15\/ <span>03<\/span><\/time><p class=\"excerpt\"><a href=\"https:\/\/dourocom.pt\/pt\/ultimas-noticias\/resolucaolitigiosral\/\">Caro Cliente, Foi publicada, em Di\u00e1rio da Rep\u00fablica, a Lei n.\u00ba 144\/2015, de 8 de setembro, que transp\u00f5e a Diretiva 2013\/11\/UE, do Parlamento Europeu e&hellip;<\/a><\/p><\/div><\/div><div class=\"item format-standart item-list-4\"><div class=\"desc\"><time datetime=\"2015-09-06T09:00:57\">06\/ <span>09<\/span><\/time><p class=\"excerpt\"><a href=\"https:\/\/dourocom.pt\/pt\/ultimas-noticias\/mauris-posuere\/\">Informamos que na pr\u00f3xima Ter\u00e7a-feira, dia 8 de Setembro, estaremos encerrados, por ocasi\u00e3o do Feriado Municipal na cidade de Lamego.Na Quarta-feira, voltaremos ao hor\u00e1rio normal.Se,&hellip;<\/a><\/p><\/div><\/div><div class=\"item format-standart item-list-5\"><div class=\"desc\"><time datetime=\"2015-05-21T09:00:48\">21\/ <span>05<\/span><\/time><p class=\"excerpt\"><a href=\"https:\/\/dourocom.pt\/pt\/ultimas-noticias\/aside-post\/\">Caro Cliente, Em colabora\u00e7\u00e3o com a Kaspersky, a Dourocom quer alerta-lo para os eventuais riscos e que medidas pode tomar para minimizar um eventual ataque&hellip;<\/a><\/p><\/div><\/div><div class=\"item format-video item-list-6\"><div class=\"desc\"><time datetime=\"2012-12-13T09:24:00\">13\/ <span>12<\/span><\/time><\/div><\/div><\/div><\/div><div class=\"clear\"><\/div><\/div><!-- .content_box (end) --><section class=\"parallax-box image-parallax-box style-1\" ><div class=\"parallax-content\"><div class=\"row \"><div class=\"span4 \"><h5><span style=\"color: #ffffff;\">MELHOR CONSULTORIA PARA O SEU NEG\u00d3CIO<\/span><\/h5><\/div><div class=\"span4 \"><div class=\"list styled circle-list\">\n<ul>\n<li><a href=\"#\">Solu\u00e7\u00f5es Dourocom <\/a><\/li>\n<li><a href=\"http:\/\/dourocom.pt\/pt\/phccs\/\">Software PHC CS<\/a><\/li>\n<li><a href=\"http:\/\/dourocom.pt\/pt\/phc-fx\/\">Software PHC FX<\/a><\/li>\n<li><a href=\"#\">Software PHC Web <\/a><\/li>\n<\/ul>\n<\/div><\/div><div class=\"span4 \"><div class=\"list styled circle-list\">\n<ul>\n<li><a href=\"http:\/\/dourocom.pt\/pt\/mss\/\">Software MSS<\/a><\/li>\n<li><a href=\"http:\/\/dourocom.pt\/pt\/etpos\/\">Software ETPOS<\/a><\/li>\n<li><a href=\"#\">Servi\u00e7o de Consultoria <\/a><\/li>\n<li><a href=\"http:\/\/dourocom.pt\/pt\/desenvolvimento-web\/\">Desenvolvimento de Websites<\/a><\/li>\n<\/ul>\n<\/div><\/div><\/div><!-- .row (end) --><div class=\"clear\"><\/div><\/div><div class=\"parallax-bg\" data-parallax-type=\"image\" data-img-url=\"http:\/\/dourocom.pt\/pt\/wp-content\/uploads\/2016\/04\/parallax-1.jpg\" data-speed=\"normal\" data-invert=\"false\" ><\/div><\/section><div class=\"content_box box-3 \">\n<h4>Necessita de Suporte?&nbsp;<span style=\"color: #ffffff;\">Contacte-nos<\/span><\/h4>\n<address>Dispon\u00edveis 24h por dia<span style=\"color: #ffffff;\">7 dias por semana<\/span><\/address><!-- address (end) --><div class=\"extra-wrap \">254 611 200<\/div><div class=\"clear\"><\/div><\/div><!-- .content_box (end) -->\n<\/div>\n<\/div>\n","protected":false},"excerpt":{"rendered":"","protected":false},"author":1,"featured_media":0,"parent":0,"menu_order":0,"comment_status":"open","ping_status":"closed","template":"page-home.php","meta":[],"_links":{"self":[{"href":"https:\/\/dourocom.pt\/pt\/wp-json\/wp\/v2\/pages\/203"}],"collection":[{"href":"https:\/\/dourocom.pt\/pt\/wp-json\/wp\/v2\/pages"}],"about":[{"href":"https:\/\/dourocom.pt\/pt\/wp-json\/wp\/v2\/types\/page"}],"author":[{"embeddable":true,"href":"https:\/\/dourocom.pt\/pt\/wp-json\/wp\/v2\/users\/1"}],"replies":[{"embeddable":true,"href":"https:\/\/dourocom.pt\/pt\/wp-json\/wp\/v2\/comments?post=203"}],"version-history":[{"count":58,"href":"https:\/\/dourocom.pt\/pt\/wp-json\/wp\/v2\/pages\/203\/revisions"}],"predecessor-version":[{"id":2335,"href":"https:\/\/dourocom.pt\/pt\/wp-json\/wp\/v2\/pages\/203\/revisions\/2335"}],"wp:attachment":[{"href":"https:\/\/dourocom.pt\/pt\/wp-json\/wp\/v2\/media?parent=203"}],"curies":[{"name":"wp","href":"https:\/\/api.w.org\/{rel}","templated":true}]}}