{"id":2226,"date":"2016-05-24T11:13:22","date_gmt":"2016-05-24T11:13:22","guid":{"rendered":"http:\/\/dourocom.pt\/pt\/?page_id=2226"},"modified":"2016-05-24T11:18:14","modified_gmt":"2016-05-24T11:18:14","slug":"desenvolvimento-web","status":"publish","type":"page","link":"https:\/\/dourocom.pt\/pt\/desenvolvimento-web\/","title":{"rendered":"Desenvolvimento Web"},"content":{"rendered":"<div class=\"mp-row-fluid motopress-row mpce-dsbl-margin-left mpce-dsbl-margin-right\">\n<div class=\"motopress-clmn mp-span6  mpce-dsbl-margin-left mpce-dsbl-margin-right\">\n<div class=\"mp-row-fluid motopress-row mpce-dsbl-margin-left mpce-dsbl-margin-right\">\n<div class=\"motopress-clmn mp-span12 mpce-dsbl-margin-left mpce-dsbl-margin-right\">\n<div class=\"motopress-text-obj\">\n<h6>Sites est\u00e1ticos<\/h6>\n<\/div>\n<\/div>\n<\/div>\n<div class=\"mp-row-fluid motopress-row mpce-dsbl-margin-left mpce-dsbl-margin-right\">\n<div class=\"motopress-clmn mp-span12 mpce-dsbl-margin-left mpce-dsbl-margin-right\">\n<div class=\"motopress-text-obj\">\n<p style=\"text-align: justify;\">A cria\u00e7\u00e3o de sites sem gestor de conte\u00fados, ou habitualmente conhecidos por sites est\u00e1ticos, s\u00e3o a solu\u00e7\u00e3o mais indicada, para as empresas que pretendam ter uma presen\u00e7a na internet e que n\u00e3o tenham necessidade de actualizar o seu site com frequ\u00eancia.<\/p>\n<\/div>\n<\/div>\n<\/div>\n<\/div>\n<div class=\"motopress-clmn mp-span6  mpce-dsbl-margin-left mpce-dsbl-margin-right\">\n<div class=\"mp-row-fluid motopress-row mpce-dsbl-margin-left mpce-dsbl-margin-right\">\n<div class=\"motopress-clmn mp-span12 mpce-dsbl-margin-left mpce-dsbl-margin-right\">\n<div class=\"motopress-text-obj\">\n<h6>sites din\u00e2micos<\/h6>\n<\/div>\n<\/div>\n<\/div>\n<div class=\"mp-row-fluid motopress-row mpce-dsbl-margin-left mpce-dsbl-margin-right\">\n<div class=\"motopress-clmn mp-span12 mpce-dsbl-margin-left mpce-dsbl-margin-right\">\n<div class=\"motopress-text-obj\">\n<p style=\"text-align: justify;\">Por sua vez, a cria\u00e7\u00e3o de sites com gestor de conte\u00fados associado (habitualmente conhecidos por sites din\u00e2micos), s\u00e3o os mais indicados para quem pretenda ter autonomia para gerir os seus pr\u00f3prios conte\u00fados e imagens atrav\u00e9s da nossa plataforma de gest\u00e3o de conte\u00fados (backoffice ou CMS).<\/p>\n<\/div>\n<\/div>\n<\/div>\n<\/div>\n<\/div>\n<div class=\"mp-row-fluid motopress-row mpce-dsbl-margin-left mpce-dsbl-margin-right\">\n<div class=\"motopress-clmn mp-span12  mpce-dsbl-margin-left mpce-dsbl-margin-right  motopress-space\">\n<div class=\"motopress-space-obj mpce-dsbl-background-image-type mpce-dsbl-background-image mpce-dsbl-background-gradient mpce-dsbl-background-position mpce-dsbl-background-position-x mpce-dsbl-background-position-y mpce-dsbl-background-repeat mpce-dsbl-background-size mpce-dsbl-background-attachment mpce-dsbl-margin-left mpce-dsbl-margin-right mpce-dsbl-background-color mpce-dsbl-border-top-width mpce-dsbl-border-bottom-width mpce-dsbl-border-left-width mpce-dsbl-border-right-width mpce-dsbl-border-top-left-radius mpce-dsbl-border-top-right-radius mpce-dsbl-border-bottom-left-radius mpce-dsbl-border-bottom-right-radius mpce-dsbl-border-style mpce-dsbl-border-color mpce-dsbl-padding-left mpce-dsbl-padding-right mpce-dsbl-margin-top mpce-dsbl-margin-bottom mpce-dsbl-color\"  data-min-height=\"0\"><div><\/div><\/div>\n<\/div>\n<\/div>\n<div class=\"mp-row-fluid motopress-row mpce-dsbl-margin-left mpce-dsbl-margin-right\">\n<div class=\"motopress-clmn mp-span12  mpce-dsbl-margin-left mpce-dsbl-margin-right\">\n<p style=\"text-align: center;\"><a href=\"teste\" title=\"Solicitar Proposta\" class=\"btn btn-success btn-normal btn-inline \" target=\"_self\"><i class=\"icon-arrow-right\"><\/i>Solicitar Proposta<\/a><!-- .btn -->\n<\/div>\n<\/div>\n","protected":false},"excerpt":{"rendered":"","protected":false},"author":1,"featured_media":0,"parent":0,"menu_order":0,"comment_status":"closed","ping_status":"closed","template":"page-fullwidth.php","meta":[],"_links":{"self":[{"href":"https:\/\/dourocom.pt\/pt\/wp-json\/wp\/v2\/pages\/2226"}],"collection":[{"href":"https:\/\/dourocom.pt\/pt\/wp-json\/wp\/v2\/pages"}],"about":[{"href":"https:\/\/dourocom.pt\/pt\/wp-json\/wp\/v2\/types\/page"}],"author":[{"embeddable":true,"href":"https:\/\/dourocom.pt\/pt\/wp-json\/wp\/v2\/users\/1"}],"replies":[{"embeddable":true,"href":"https:\/\/dourocom.pt\/pt\/wp-json\/wp\/v2\/comments?post=2226"}],"version-history":[{"count":8,"href":"https:\/\/dourocom.pt\/pt\/wp-json\/wp\/v2\/pages\/2226\/revisions"}],"predecessor-version":[{"id":2231,"href":"https:\/\/dourocom.pt\/pt\/wp-json\/wp\/v2\/pages\/2226\/revisions\/2231"}],"wp:attachment":[{"href":"https:\/\/dourocom.pt\/pt\/wp-json\/wp\/v2\/media?parent=2226"}],"curies":[{"name":"wp","href":"https:\/\/api.w.org\/{rel}","templated":true}]}}