{"id":7,"date":"2011-07-14T19:45:42","date_gmt":"2011-07-14T19:45:42","guid":{"rendered":"http:\/\/dourocom.pt\/pt\/services\/"},"modified":"2011-07-14T19:45:42","modified_gmt":"2011-07-14T19:45:42","slug":"solutions","status":"publish","type":"page","link":"https:\/\/dourocom.pt\/pt\/solutions\/","title":{"rendered":"Solutions"},"content":{"rendered":"<div class=\"row \">\n<div class=\"span3 \"><div class=\"extra-wrap style-1\">\n<h2>Small Business<\/h2>\n<\/div>\n<div class=\"list styled custom-list\">\n<ul>\n<li><a href=\"#\">Starting Up <\/a><\/li>\n<li><a href=\"#\">Finance &amp; Grants <\/a><\/li>\n<li><a href=\"#\">Taxes, returns &amp; Payroll <\/a><\/li>\n<li><a href=\"#\">Employment &amp; Skills<\/a><\/li>\n<\/ul>\n<\/div><\/div>\n<div class=\"span3 \"><div class=\"extra-wrap style-1\">\n<h2>Medium Business<\/h2>\n<\/div>\n<div class=\"list styled custom-list\">\n<ul>\n<li><a href=\"#\">Management Consulting <\/a><\/li>\n<li><a href=\"#\">Policy &amp; Regulatory Analysis <\/a><\/li>\n<li><a href=\"#\">Market Assessment <\/a><\/li>\n<li><a href=\"#\">Program Management<\/a><\/li>\n<\/ul>\n<\/div><\/div>\n<div class=\"span3 \"><div class=\"extra-wrap style-1\">\n<h2>Corporate Business<\/h2>\n<\/div>\n<div class=\"list styled custom-list\">\n<ul>\n<li><a href=\"#\">Corporate Identity <\/a><\/li>\n<li><a href=\"#\">Environment &amp; Efficiency<\/a><\/li>\n<li><a href=\"#\"> Regulatory Support <\/a><\/li>\n<li><a href=\"#\">Scientific &amp; Risk Assessment<\/a><\/li>\n<\/ul>\n<\/div><\/div>\n<div class=\"span3 \"><div class=\"extra-wrap style-1\">\n<h2>Small Business<\/h2>\n<\/div>\n<div class=\"list styled custom-list\">\n<ul>\n<li><a href=\"#\">Application Solutions <\/a><\/li>\n<li><a href=\"#\">Business Solutions <\/a><\/li>\n<li><a href=\"#\">Technology Solutions <\/a><\/li>\n<li><a href=\"#\">Customer Solutions<\/a><\/li>\n<\/ul>\n<\/div><\/div>\n<\/div><!-- .row (end) -->\n<div class=\"content_box box-1 style-2 \">\n<h1><span style=\"color: #ffffff;\">Offering comprehensive projects<\/span><\/h1>\n<ul class=\"posts-grid row-fluid unstyled grid-1 ul-item-0\"><li class=\"span3 list-item-1\"><div class=\"clear\"><\/div><h5><a href=\"https:\/\/dourocom.pt\/pt\/uncategorized\/sete-novidades-na-entrega-do-irs-deste-ano\/\" title=\"Sete novidades na entrega do IRS deste ano\">Sete novidades na entrega do IRS deste ano<\/a><\/h5><p class=\"excerpt\">Entre abril e maio, os contribuintes ter\u00e3o&hellip;<\/p><\/li><li class=\"span3 list-item-2\"><div class=\"clear\"><\/div><h5><a href=\"https:\/\/dourocom.pt\/pt\/uncategorized\/facturas-terao-de-ser-enviadas-ao-fisco-ate-dia-20\/\" title=\"Facturas ter\u00e3o de ser enviadas ao Fisco at\u00e9 dia 20\">Facturas ter\u00e3o de ser enviadas ao Fisco at\u00e9 dia 20<\/a><\/h5><p class=\"excerpt\">A vers\u00e3o final do Or\u00e7amento do Estado&hellip;<\/p><\/li><li class=\"span3 list-item-3\"><div class=\"clear\"><\/div><h5><a href=\"https:\/\/dourocom.pt\/pt\/uncategorized\/prazo-para-comunicar-facturas-ao-fisco-encurta-e-muito\/\" title=\"Prazo para comunicar facturas ao fisco encurta, e muito\">Prazo para comunicar facturas ao fisco encurta, e muito<\/a><\/h5><p class=\"excerpt\">As empresas passar\u00e3o a ter de enviar&hellip;<\/p><\/li><li class=\"span3 list-item-4\"><figure class=\"featured-thumbnail thumbnail\"><a href=\"https:\/\/dourocom.pt\/pt\/wp-content\/uploads\/2016\/04\/img-1.jpg\" title=\"Resolu\u00e7\u00e3o Alternativa de Lit\u00edgios (RAL)\" rel=\"prettyPhoto-1003016931\"><img  src=\"https:\/\/dourocom.pt\/pt\/wp-content\/uploads\/2016\/04\/img-1-270x270.jpg\" alt=\"Resolu\u00e7\u00e3o Alternativa de Lit\u00edgios (RAL)\" \/><span class=\"zoom-icon\"><\/span><\/a><\/figure><div class=\"clear\"><\/div><h5><a href=\"https:\/\/dourocom.pt\/pt\/ultimas-noticias\/resolucaolitigiosral\/\" title=\"Resolu\u00e7\u00e3o Alternativa de Lit\u00edgios (RAL)\">Resolu\u00e7\u00e3o Alternativa de Lit\u00edgios (RAL)<\/a><\/h5><p class=\"excerpt\">Caro Cliente, Foi publicada, em Di\u00e1rio da&hellip;<\/p><\/li><\/ul><!-- .posts-grid (end) -->\n<div class=\"clear\"><\/div><\/div><!-- .content_box (end) -->\n<div class=\"content_box box-2 style-2 \">\n<div class=\"extra-wrap style-2\">\n<h2>Market research solutions<\/h2>\n<\/div>\n<div class=\"row \">\n<div class=\"span6 \"><p><img loading=\"lazy\" class=\"alignleft size-full wp-image-2018\" src=\"http:\/\/dourocom.pt\/pt\/wp-content\/uploads\/2016\/04\/page4_img1.jpg\" alt=\"page4_img1\" width=\"270\" height=\"226\" \/><\/p>\n<div class=\"extra-wrap \">\n<h6>velit, sit amet condiment um ex Nunc neque elit.<\/h6>\n<small>\n<p>Lorem ipsum dolor sit amet, consectetur adipiscing elit. Donec interdum aliquet enim, quis fringilla quam accumsan a. Nulla facilisi. Aenean dictum cursus nulla, eu imperdiet nisi congue a. Fusce non diam lorem. Donec libero dui,<\/p>\n<\/small>\n<a href=\"blog\/\" title=\"read more\" class=\"btn btn-default btn-large btn-inline \" target=\"_self\">read more<\/a><!-- .btn -->\n<\/div><\/div>\n<div class=\"span6 \"><p><img loading=\"lazy\" class=\"alignleft size-full wp-image-2019\" src=\"http:\/\/dourocom.pt\/pt\/wp-content\/uploads\/2016\/04\/page4_img2.jpg\" alt=\"page4_img2\" width=\"270\" height=\"226\" \/><\/p>\n<div class=\"extra-wrap \">\n<h6>velit, sit amet condiment um ex Nunc neque elit.<\/h6>\n<small>\n<p>Lorem ipsum dolor sit amet, consectetur adipiscing elit. Donec interdum aliquet enim, quis fringilla quam accumsan a. Nulla facilisi. Aenean dictum cursus nulla, eu imperdiet nisi congue a. Fusce non diam lorem. Donec libero dui,<\/p>\n<\/small>\n<a href=\"blog\/\" title=\"read more\" class=\"btn btn-default btn-large btn-inline \" target=\"_self\">read more<\/a><!-- .btn -->\n<\/div><\/div>\n<\/div><!-- .row (end) -->\n<div class=\"clear\"><\/div><\/div><!-- .content_box (end) -->\n","protected":false},"excerpt":{"rendered":"","protected":false},"author":1,"featured_media":0,"parent":0,"menu_order":1,"comment_status":"open","ping_status":"closed","template":"page-fullwidth.php","meta":[],"_links":{"self":[{"href":"https:\/\/dourocom.pt\/pt\/wp-json\/wp\/v2\/pages\/7"}],"collection":[{"href":"https:\/\/dourocom.pt\/pt\/wp-json\/wp\/v2\/pages"}],"about":[{"href":"https:\/\/dourocom.pt\/pt\/wp-json\/wp\/v2\/types\/page"}],"author":[{"embeddable":true,"href":"https:\/\/dourocom.pt\/pt\/wp-json\/wp\/v2\/users\/1"}],"replies":[{"embeddable":true,"href":"https:\/\/dourocom.pt\/pt\/wp-json\/wp\/v2\/comments?post=7"}],"version-history":[{"count":0,"href":"https:\/\/dourocom.pt\/pt\/wp-json\/wp\/v2\/pages\/7\/revisions"}],"wp:attachment":[{"href":"https:\/\/dourocom.pt\/pt\/wp-json\/wp\/v2\/media?parent=7"}],"curies":[{"name":"wp","href":"https:\/\/api.w.org\/{rel}","templated":true}]}}